{"id":968,"date":"2018-05-19T13:40:28","date_gmt":"2018-05-19T11:40:28","guid":{"rendered":"http:\/\/www.dortmund-aikido.de\/?page_id=968"},"modified":"2018-05-19T13:43:15","modified_gmt":"2018-05-19T11:43:15","slug":"datenschutz","status":"publish","type":"page","link":"https:\/\/www.dortmund-aikido.de\/?page_id=968","title":{"rendered":"Datenschutz"},"content":{"rendered":"<p><strong>Datenschutzerkl\u00e4rung<\/strong><\/p>\n<p><strong>Geltungsbereich<\/strong><\/p>\n<p>Diese Datenschutzerkl\u00e4rung kl\u00e4rt Nutzer \u00fcber die Art, den Umfang und Zwecke der Erhebung und Verwendung personenbezogener Daten durch den verantwortlichen Anbieter \u2013 Takemusu Aikido Dortmund e.V., H\u00f6rderstr 29, 44309 Dortmund, , aikido@\u00fbdortmund-aikido.de, \u2013 auf dieser Website (im folgenden \u201cAngebot\u201d) auf. Die Erhebung, Verarbeitung und Nutzung der personenbezogenen Daten des\/ der Teilnehmende erfolgt unter Beachtung der DS-GVO, des Bundesdatenschutzgesetzes (BDSG) und des Telemediengesetzes (TMG).<\/p>\n<p><strong>Zugriffsdaten\/ Server-Logfiles<\/strong><\/p>\n<p>Der Anbieter (beziehungsweise sein Webspace-Provider) erhebt Daten \u00fcber jeden Zugriff auf das Angebot (so genannte Serverlogfiles). Zu den Zugriffsdaten geh\u00f6ren: Name der abgerufenen Webseite, Datei, Datum und Uhrzeit des Abrufs, \u00fcbertragene Datenmenge, Meldung \u00fcber erfolgreichen Abruf, Browsertyp nebst Version, das Betriebssystem des Nutzers, Referrer\u00a0URL\u00a0(die zuvor besuchte Seite), IP-Adresse und der anfragende Provider. Der Anbieter verwendet die Protokolldaten nur f\u00fcr statistische Auswertungen zum Zweck des Betriebs, der Sicherheit und der Optimierung des Angebotes. Der Anbieter beh\u00e4lt sich jedoch vor, die Protokolldaten nachtr\u00e4glich zu \u00fcberpr\u00fcfen, wenn aufgrund konkreter Anhaltspunkte der berechtigte Verdacht einer rechtswidrigen Nutzung besteht.<\/p>\n<p><strong>Kontaktaufnahme<\/strong><\/p>\n<p>Bei der Kontaktaufnahme mit dem Anbieter (zum Beispiel per Kontaktformular oder E-Mail) werden die Angaben des Nutzers zwecks Bearbeitung der Anfrage (z.B. Kursanmeldung) sowie f\u00fcr den Fall, dass Anschlussfragen und Nachrichtenaustausch entstehen, gespeichert.<br \/>\nDer\/die Teilnehmende wird darauf hingewiesen, dass die zur Anmeldung und Abwicklung der Veranstaltung erforderlichen pers\u00f6nlichen Daten (Vorname, Name, Anschrift, Telefon, E-Mail Adresse, Geburtsdatum) vom Veranstalter auf elektronischen Datentr\u00e4gern gespeichert werden. Der\/die Teilnehmende stimmt der Erhebung, Verarbeitung und Nutzung der personenbezogenen Daten beim Veranstalter. zur Abwicklung der Veranstaltung ausdr\u00fccklich zu. Die gespeicherten pers\u00f6nlichen Daten werden vom Veranstalter vertraulich behandelt.<\/p>\n<p><strong>Einbindung von Diensten und Inhalten Dritter<\/strong><\/p>\n<p>Es kann vorkommen, dass innerhalb dieses Onlineangebotes Inhalte Dritter, wie zum Beispiel Videos von YouTube, Kartenmaterial von Google-Maps,\u00a0RSS-Feeds oder Grafiken von anderen Webseiten eingebunden werden. Dies setzt immer voraus, dass die Anbieter dieser Inhalte (nachfolgend bezeichnet als \u201eDritt-Anbieter\u201c) die IP-Adresse der Nutzer wahr nehmen. Denn ohne die IP-Adresse, k\u00f6nnten sie die Inhalte nicht an den Browser des jeweiligen Nutzers senden. Die IP-Adresse ist damit f\u00fcr die Darstellung dieser Inhalte erforderlich. Wir bem\u00fchen uns nur solche Inhalte zu verwenden, deren jeweilige Anbieter die IP-Adresse lediglich zur Auslieferung der Inhalte verwenden. Jedoch haben wir keinen Einfluss darauf, falls die Dritt-Anbieter die IP-Adresse z.B. f\u00fcr statistische Zwecke speichern. Soweit dies uns bekannt ist, kl\u00e4ren wir die Nutzer dar\u00fcber auf.<\/p>\n<p><strong>Widerruf, \u00c4nderungen, Berichtigungen und Aktualisierungen<\/strong><\/p>\n<p>Der Nutzer hat das Recht, auf Antrag unentgeltlich Auskunft zu erhalten \u00fcber die personenbezogenen Daten, die \u00fcber ihn gespeichert wurden. Zus\u00e4tzlich hat der Nutzer das Recht auf Berichtigung unrichtiger Daten, Sperrung und L\u00f6schung seiner personenbezogenen Daten. Dem\/der Teilnehmenden steht das Recht zu, die Einwilligung jederzeit mit Wirkung f\u00fcr die Zukunft zu widerrufen. Der Veranstalter Takemusu Aikido Dortmund. ist in diesem Fall zur sofortigen L\u00f6schung der pers\u00f6nlichen Daten des\/der Teilnehmenden verpflichtet.<\/p>\n","protected":false},"excerpt":{"rendered":"<p>Datenschutzerkl\u00e4rung Geltungsbereich Diese Datenschutzerkl\u00e4rung kl\u00e4rt Nutzer \u00fcber die Art, den Umfang und Zwecke der Erhebung und Verwendung personenbezogener Daten durch den verantwortlichen Anbieter \u2013 Takemusu Aikido Dortmund e.V., H\u00f6rderstr 29, 44309 Dortmund, , aikido@\u00fbdortmund-aikido.de, \u2013 auf dieser Website (im folgenden &hellip; <a href=\"https:\/\/www.dortmund-aikido.de\/?page_id=968\">Weiterlesen <span class=\"meta-nav\">&rarr;<\/span><\/a><\/p>\n","protected":false},"author":1,"featured_media":0,"parent":0,"menu_order":9,"comment_status":"closed","ping_status":"closed","template":"","meta":[],"_links":{"self":[{"href":"https:\/\/www.dortmund-aikido.de\/index.php?rest_route=\/wp\/v2\/pages\/968"}],"collection":[{"href":"https:\/\/www.dortmund-aikido.de\/index.php?rest_route=\/wp\/v2\/pages"}],"about":[{"href":"https:\/\/www.dortmund-aikido.de\/index.php?rest_route=\/wp\/v2\/types\/page"}],"author":[{"embeddable":true,"href":"https:\/\/www.dortmund-aikido.de\/index.php?rest_route=\/wp\/v2\/users\/1"}],"replies":[{"embeddable":true,"href":"https:\/\/www.dortmund-aikido.de\/index.php?rest_route=%2Fwp%2Fv2%2Fcomments&post=968"}],"version-history":[{"count":1,"href":"https:\/\/www.dortmund-aikido.de\/index.php?rest_route=\/wp\/v2\/pages\/968\/revisions"}],"predecessor-version":[{"id":969,"href":"https:\/\/www.dortmund-aikido.de\/index.php?rest_route=\/wp\/v2\/pages\/968\/revisions\/969"}],"wp:attachment":[{"href":"https:\/\/www.dortmund-aikido.de\/index.php?rest_route=%2Fwp%2Fv2%2Fmedia&parent=968"}],"curies":[{"name":"wp","href":"https:\/\/api.w.org\/{rel}","templated":true}]}}