{"id":8,"date":"2013-04-10T21:50:02","date_gmt":"2013-04-10T19:50:02","guid":{"rendered":"http:\/\/localhost\/wordpress\/?page_id=8"},"modified":"2024-01-03T17:08:51","modified_gmt":"2024-01-03T15:08:51","slug":"jugendtraining","status":"publish","type":"page","link":"https:\/\/www.dortmund-aikido.de\/?page_id=8","title":{"rendered":"Jugendtraining"},"content":{"rendered":"<p><a href=\"http:\/\/www.dortmund-aikido.de\/neu\/wp-content\/uploads\/2013\/04\/teens-bild-aikido-web.jpg\"><img decoding=\"async\" loading=\"lazy\" class=\"alignnone size-medium wp-image-609\" src=\"http:\/\/www.dortmund-aikido.de\/neu\/wp-content\/uploads\/2013\/04\/teens-bild-aikido-web-300x142.jpg\" alt=\"teens-bild-aikido-web\" width=\"300\" height=\"142\" srcset=\"https:\/\/www.dortmund-aikido.de\/neu\/wp-content\/uploads\/2013\/04\/teens-bild-aikido-web-300x142.jpg 300w, https:\/\/www.dortmund-aikido.de\/neu\/wp-content\/uploads\/2013\/04\/teens-bild-aikido-web.jpg 591w\" sizes=\"(max-width: 300px) 100vw, 300px\" \/><\/a><\/p>\n<p><strong>Keep cool in school<\/strong><\/p>\n<p>Trainingszeiten: \u00a0Dienstag 17.30 &#8211; 19.00<br \/>Donnerstag 17.30 &#8211; 19.00<br \/>Einfach vorbeikommen oder anrufen: 0231 \/ 255698<\/p>\n<p>Wir engagieren uns insbesondere im Bereich der Jugendarbeit und bieten<\/p>\n<p><strong>Jugendlichen zwischen 10 und 16 Jahren<\/strong><\/p>\n<p>zweimal in der Woche ein spezielles Jugendtraining an. Zus\u00e4tzlich kann sonntags am freien Training teilgenommen werden. Au\u00dferdem werden zum normalen Trainingsangebot Jugendlehrg\u00e4nge und gelegentliche Ausfl\u00fcge organisiert.<\/p>\n<p>Beim Aikido wird im Gegensatz zu anderen Kampfsportarten auf den herk\u00f6mmlichen, sich st\u00e4ndig wiederholenden Drill verzichtet. Die Techniken werden immer mindestens zu zweit und in kurzen aufeinander aufbauenden Trainingsintervallen ge\u00fcbt. Nach jeder \u00dcbung wird der Trainingspartner gewechselt, so dass das jede einzelne \u00dcbung interessant bleibt und es nie langweilig wird.<\/p>\n<p><img decoding=\"async\" loading=\"lazy\" class=\"alignnone size-medium wp-image-580\" style=\"font-size: 12px;\" src=\"http:\/\/www.dortmund-aikido.de\/neu\/wp-content\/uploads\/2013\/04\/b003-300x200.jpg\" alt=\"b003\" width=\"300\" height=\"200\" srcset=\"https:\/\/www.dortmund-aikido.de\/neu\/wp-content\/uploads\/2013\/04\/b003-300x200.jpg 300w, https:\/\/www.dortmund-aikido.de\/neu\/wp-content\/uploads\/2013\/04\/b003-120x80.jpg 120w, https:\/\/www.dortmund-aikido.de\/neu\/wp-content\/uploads\/2013\/04\/b003.jpg 640w\" sizes=\"(max-width: 300px) 100vw, 300px\" \/><\/p>\n<p><strong>Auf der Matte gibt es keine Gegner!<\/strong><br \/>&#8230;denn das Dojo ist ein Ort, an dem man sich trifft, um gemeinsam und in Achtung vor einander Aikido zu \u00fcben. Zum einen ist das wichtig, um schwere Verletzungen im Training zu vermeiden und au\u00dferdem entspricht es einer Aikido-&#8222;Grundregel\u201d: Verantwortungsvoller Umgang mit sich selbst und anderen. Demnach gibt es auch keine sportlichen Wettk\u00e4mpfe oder Turniere.<\/p>\n<p><a style=\"color: #ff4b33; line-height: 32px;\" href=\"http:\/\/www.dortmund-aikido.de\/neu\/wp-content\/uploads\/2013\/04\/jannik.jpg\"><img decoding=\"async\" loading=\"lazy\" class=\"alignnone size-medium wp-image-582\" src=\"http:\/\/www.dortmund-aikido.de\/neu\/wp-content\/uploads\/2013\/04\/jannik-300x212.jpg\" alt=\"jannik\" width=\"300\" height=\"200\" \/><\/a><\/p>\n<p>Fast genauso wichtig wie das gemeinsame Training ist das gemeinsame Erleben.<\/p>\n<p>Hier ein paar Eindr\u00fccke von einem Wochenende im Sept 23 mit Aikido, Klettern, Grillen und im Dojo \u00fcbernachten.<\/p>\n<p>\u00a0<\/p>\n\n\n<figure class=\"wp-block-gallery columns-3 is-cropped wp-block-gallery-1 is-layout-flex\"><ul class=\"blocks-gallery-grid\"><li class=\"blocks-gallery-item\"><figure><a href=\"http:\/\/www.dortmund-aikido.de\/neu\/wp-content\/uploads\/2024\/01\/1-1024x576.jpg\"><img decoding=\"async\" loading=\"lazy\" width=\"1024\" height=\"576\" src=\"http:\/\/www.dortmund-aikido.de\/neu\/wp-content\/uploads\/2024\/01\/1-1024x576.jpg\" alt=\"\" data-id=\"1130\" data-link=\"http:\/\/www.dortmund-aikido.de\/?attachment_id=1130\" class=\"wp-image-1130\" srcset=\"https:\/\/www.dortmund-aikido.de\/neu\/wp-content\/uploads\/2024\/01\/1-1024x576.jpg 1024w, https:\/\/www.dortmund-aikido.de\/neu\/wp-content\/uploads\/2024\/01\/1-300x169.jpg 300w, https:\/\/www.dortmund-aikido.de\/neu\/wp-content\/uploads\/2024\/01\/1-768x432.jpg 768w, https:\/\/www.dortmund-aikido.de\/neu\/wp-content\/uploads\/2024\/01\/1-1536x864.jpg 1536w, https:\/\/www.dortmund-aikido.de\/neu\/wp-content\/uploads\/2024\/01\/1.jpg 2048w\" sizes=\"(max-width: 1024px) 100vw, 1024px\" \/><\/a><\/figure><\/li><li class=\"blocks-gallery-item\"><figure><a href=\"http:\/\/www.dortmund-aikido.de\/neu\/wp-content\/uploads\/2024\/01\/5-1024x576.jpg\"><img decoding=\"async\" loading=\"lazy\" width=\"1024\" height=\"576\" src=\"http:\/\/www.dortmund-aikido.de\/neu\/wp-content\/uploads\/2024\/01\/5-1024x576.jpg\" alt=\"\" data-id=\"1131\" data-link=\"http:\/\/www.dortmund-aikido.de\/?attachment_id=1131\" class=\"wp-image-1131\" srcset=\"https:\/\/www.dortmund-aikido.de\/neu\/wp-content\/uploads\/2024\/01\/5-1024x576.jpg 1024w, https:\/\/www.dortmund-aikido.de\/neu\/wp-content\/uploads\/2024\/01\/5-300x169.jpg 300w, https:\/\/www.dortmund-aikido.de\/neu\/wp-content\/uploads\/2024\/01\/5-768x432.jpg 768w, https:\/\/www.dortmund-aikido.de\/neu\/wp-content\/uploads\/2024\/01\/5-1536x864.jpg 1536w, https:\/\/www.dortmund-aikido.de\/neu\/wp-content\/uploads\/2024\/01\/5.jpg 2048w\" sizes=\"(max-width: 1024px) 100vw, 1024px\" \/><\/a><\/figure><\/li><li class=\"blocks-gallery-item\"><figure><a href=\"http:\/\/www.dortmund-aikido.de\/neu\/wp-content\/uploads\/2024\/01\/4-1-1024x768.jpg\"><img decoding=\"async\" loading=\"lazy\" width=\"1024\" height=\"768\" src=\"http:\/\/www.dortmund-aikido.de\/neu\/wp-content\/uploads\/2024\/01\/4-1-1024x768.jpg\" alt=\"\" data-id=\"1134\" data-link=\"http:\/\/www.dortmund-aikido.de\/?attachment_id=1134\" class=\"wp-image-1134\" srcset=\"https:\/\/www.dortmund-aikido.de\/neu\/wp-content\/uploads\/2024\/01\/4-1-1024x768.jpg 1024w, https:\/\/www.dortmund-aikido.de\/neu\/wp-content\/uploads\/2024\/01\/4-1-300x225.jpg 300w, https:\/\/www.dortmund-aikido.de\/neu\/wp-content\/uploads\/2024\/01\/4-1-768x576.jpg 768w, https:\/\/www.dortmund-aikido.de\/neu\/wp-content\/uploads\/2024\/01\/4-1-1536x1152.jpg 1536w, https:\/\/www.dortmund-aikido.de\/neu\/wp-content\/uploads\/2024\/01\/4-1-160x120.jpg 160w, https:\/\/www.dortmund-aikido.de\/neu\/wp-content\/uploads\/2024\/01\/4-1.jpg 2048w\" sizes=\"(max-width: 1024px) 100vw, 1024px\" \/><\/a><\/figure><\/li><li class=\"blocks-gallery-item\"><figure><a href=\"http:\/\/www.dortmund-aikido.de\/neu\/wp-content\/uploads\/2024\/01\/2-1-768x1024.jpg\"><img decoding=\"async\" loading=\"lazy\" width=\"768\" height=\"1024\" src=\"http:\/\/www.dortmund-aikido.de\/neu\/wp-content\/uploads\/2024\/01\/2-1-768x1024.jpg\" alt=\"\" data-id=\"1135\" data-link=\"http:\/\/www.dortmund-aikido.de\/?attachment_id=1135\" class=\"wp-image-1135\" srcset=\"https:\/\/www.dortmund-aikido.de\/neu\/wp-content\/uploads\/2024\/01\/2-1-768x1024.jpg 768w, https:\/\/www.dortmund-aikido.de\/neu\/wp-content\/uploads\/2024\/01\/2-1-225x300.jpg 225w, https:\/\/www.dortmund-aikido.de\/neu\/wp-content\/uploads\/2024\/01\/2-1-1152x1536.jpg 1152w, https:\/\/www.dortmund-aikido.de\/neu\/wp-content\/uploads\/2024\/01\/2-1.jpg 1536w\" sizes=\"(max-width: 768px) 100vw, 768px\" \/><\/a><\/figure><\/li><li class=\"blocks-gallery-item\"><figure><a href=\"http:\/\/www.dortmund-aikido.de\/neu\/wp-content\/uploads\/2024\/01\/3.jpg\"><img decoding=\"async\" loading=\"lazy\" width=\"768\" height=\"1024\" src=\"http:\/\/www.dortmund-aikido.de\/neu\/wp-content\/uploads\/2024\/01\/3-768x1024.jpg\" alt=\"\" data-id=\"1136\" data-full-url=\"http:\/\/www.dortmund-aikido.de\/neu\/wp-content\/uploads\/2024\/01\/3.jpg\" data-link=\"http:\/\/www.dortmund-aikido.de\/?attachment_id=1136\" class=\"wp-image-1136\" srcset=\"https:\/\/www.dortmund-aikido.de\/neu\/wp-content\/uploads\/2024\/01\/3-768x1024.jpg 768w, https:\/\/www.dortmund-aikido.de\/neu\/wp-content\/uploads\/2024\/01\/3-225x300.jpg 225w, https:\/\/www.dortmund-aikido.de\/neu\/wp-content\/uploads\/2024\/01\/3-1152x1536.jpg 1152w, https:\/\/www.dortmund-aikido.de\/neu\/wp-content\/uploads\/2024\/01\/3.jpg 1536w\" sizes=\"(max-width: 768px) 100vw, 768px\" \/><\/a><\/figure><\/li><\/ul><\/figure>\n","protected":false},"excerpt":{"rendered":"<p>Keep cool in school Trainingszeiten: \u00a0Dienstag 17.30 &#8211; 19.00Donnerstag 17.30 &#8211; 19.00Einfach vorbeikommen oder anrufen: 0231 \/ 255698 Wir engagieren uns insbesondere im Bereich der Jugendarbeit und bieten Jugendlichen zwischen 10 und 16 Jahren zweimal in der Woche ein spezielles &hellip; <a href=\"https:\/\/www.dortmund-aikido.de\/?page_id=8\">Weiterlesen <span class=\"meta-nav\">&rarr;<\/span><\/a><\/p>\n","protected":false},"author":1,"featured_media":609,"parent":0,"menu_order":1,"comment_status":"closed","ping_status":"closed","template":"","meta":[],"_links":{"self":[{"href":"https:\/\/www.dortmund-aikido.de\/index.php?rest_route=\/wp\/v2\/pages\/8"}],"collection":[{"href":"https:\/\/www.dortmund-aikido.de\/index.php?rest_route=\/wp\/v2\/pages"}],"about":[{"href":"https:\/\/www.dortmund-aikido.de\/index.php?rest_route=\/wp\/v2\/types\/page"}],"author":[{"embeddable":true,"href":"https:\/\/www.dortmund-aikido.de\/index.php?rest_route=\/wp\/v2\/users\/1"}],"replies":[{"embeddable":true,"href":"https:\/\/www.dortmund-aikido.de\/index.php?rest_route=%2Fwp%2Fv2%2Fcomments&post=8"}],"version-history":[{"count":14,"href":"https:\/\/www.dortmund-aikido.de\/index.php?rest_route=\/wp\/v2\/pages\/8\/revisions"}],"predecessor-version":[{"id":1137,"href":"https:\/\/www.dortmund-aikido.de\/index.php?rest_route=\/wp\/v2\/pages\/8\/revisions\/1137"}],"wp:featuredmedia":[{"embeddable":true,"href":"https:\/\/www.dortmund-aikido.de\/index.php?rest_route=\/wp\/v2\/media\/609"}],"wp:attachment":[{"href":"https:\/\/www.dortmund-aikido.de\/index.php?rest_route=%2Fwp%2Fv2%2Fmedia&parent=8"}],"curies":[{"name":"wp","href":"https:\/\/api.w.org\/{rel}","templated":true}]}}