{"id":404,"date":"2013-05-04T21:10:22","date_gmt":"2013-05-04T19:10:22","guid":{"rendered":"http:\/\/localhost\/wordpress\/?page_id=404"},"modified":"2014-09-09T20:56:04","modified_gmt":"2014-09-09T18:56:04","slug":"iaido","status":"publish","type":"page","link":"https:\/\/www.dortmund-aikido.de\/?page_id=404","title":{"rendered":"Iaido"},"content":{"rendered":"<p><a href=\"http:\/\/www.dortmund-aikido.de\/neu\/wp-content\/uploads\/2013\/05\/iaido-postkarte-web.jpg\"><img decoding=\"async\" loading=\"lazy\" class=\"alignnone size-medium wp-image-507\" alt=\"iaido-postkarte-web\" src=\"http:\/\/www.dortmund-aikido.de\/neu\/wp-content\/uploads\/2013\/05\/iaido-postkarte-web-300x77.jpg\" width=\"440\" height=\"112\" \/><\/a><\/p>\n<p><strong>Trainer: Michael Krause \/ <br \/>5.Dan Aikido \/ 3.Dan Iaido (Pr\u00fcfungen im Sommer 2013 abgenommen)<\/strong><\/p>\n<p><strong>Training immer Samstags von 12.00 &#8211; 14.00<\/strong><\/p>\n<p><strong>Probetraining jederzeit<\/strong><\/p>\n<p>Im Iaido spiegelt sich die Zen-Philosophie wider. Man k\u00e4mpft nicht gegen einen echten Gegner, sondern man \u201espiegelt\u201c sich selbst. Man versucht seine eigenen F\u00e4higkeiten zu meistern und seine Pers\u00f6nlichkeit weiterzuentwickeln.<br \/>\nDas Ziel beim Iaido ist, sich auf die exakte und sichere Ausf\u00fchrung der Kata zu konzentrieren und die Einheit von K\u00f6rper, Geist und Schwert zu entwickeln (Ki-Ken-Tai-Ichi). Urspr\u00fcnglich wurden vielf\u00e4ltige Formen ge\u00fcbt, um k\u00f6rperlich jeder Gefechtssituation gewachsen zu sein und angemessen zu reagieren. Es wird gelehrt, dass die Meisterschaft erreicht w\u00e4re, wenn man eine Situation beherrscht, ohne das Schwert zu ziehen. Das erfordert die Entwicklung einer starken Pers\u00f6nlichkeit durch langj\u00e4hrige \u00dcbung.<\/p>\n<p><strong>Anmeldung unter 0231\/255698 oder aikido@dortmund-aikido.de<\/strong><\/p>\n","protected":false},"excerpt":{"rendered":"<p>Trainer: Michael Krause \/ 5.Dan Aikido \/ 3.Dan Iaido (Pr\u00fcfungen im Sommer 2013 abgenommen) Training immer Samstags von 12.00 &#8211; 14.00 Probetraining jederzeit Im Iaido spiegelt sich die Zen-Philosophie wider. Man k\u00e4mpft nicht gegen einen echten Gegner, sondern man \u201espiegelt\u201c &hellip; <a href=\"https:\/\/www.dortmund-aikido.de\/?page_id=404\">Weiterlesen <span class=\"meta-nav\">&rarr;<\/span><\/a><\/p>\n","protected":false},"author":1,"featured_media":0,"parent":0,"menu_order":8,"comment_status":"closed","ping_status":"closed","template":"","meta":[],"_links":{"self":[{"href":"https:\/\/www.dortmund-aikido.de\/index.php?rest_route=\/wp\/v2\/pages\/404"}],"collection":[{"href":"https:\/\/www.dortmund-aikido.de\/index.php?rest_route=\/wp\/v2\/pages"}],"about":[{"href":"https:\/\/www.dortmund-aikido.de\/index.php?rest_route=\/wp\/v2\/types\/page"}],"author":[{"embeddable":true,"href":"https:\/\/www.dortmund-aikido.de\/index.php?rest_route=\/wp\/v2\/users\/1"}],"replies":[{"embeddable":true,"href":"https:\/\/www.dortmund-aikido.de\/index.php?rest_route=%2Fwp%2Fv2%2Fcomments&post=404"}],"version-history":[{"count":5,"href":"https:\/\/www.dortmund-aikido.de\/index.php?rest_route=\/wp\/v2\/pages\/404\/revisions"}],"predecessor-version":[{"id":508,"href":"https:\/\/www.dortmund-aikido.de\/index.php?rest_route=\/wp\/v2\/pages\/404\/revisions\/508"}],"wp:attachment":[{"href":"https:\/\/www.dortmund-aikido.de\/index.php?rest_route=%2Fwp%2Fv2%2Fmedia&parent=404"}],"curies":[{"name":"wp","href":"https:\/\/api.w.org\/{rel}","templated":true}]}}