{"id":32,"date":"2013-04-10T22:02:35","date_gmt":"2013-04-10T20:02:35","guid":{"rendered":"http:\/\/localhost\/wordpress\/?page_id=32"},"modified":"2013-04-10T22:02:35","modified_gmt":"2013-04-10T20:02:35","slug":"waffenbegriffe","status":"publish","type":"page","link":"https:\/\/www.dortmund-aikido.de\/?page_id=32","title":{"rendered":"Waffenbegriffe"},"content":{"rendered":"<p><strong>Waffenbezogene Begriffe<\/strong><\/p>\n<table>\n<tbody>\n<tr>\n<td valign=\"top\">Katana<\/td>\n<td valign=\"top\">einschneidiges Langschwert mit leicht gekr\u00fcmmter und extrem scharfer Klinge.<\/td>\n<\/tr>\n<tr>\n<td valign=\"top\">Tsuba<\/td>\n<td valign=\"top\">Handschutz, Schmuck des Samurai-Schwertes<\/td>\n<\/tr>\n<tr>\n<td valign=\"top\">Bokken<\/td>\n<td valign=\"top\">Holzschwert (Nachbildung des Katana)<\/td>\n<\/tr>\n<tr>\n<td valign=\"top\">Jo<\/td>\n<td valign=\"top\">ca. 1,30m langer und ca. 2,2 cm dicker, runder Stab aus Hartholz<\/td>\n<\/tr>\n<tr>\n<td valign=\"top\">Tanto<\/td>\n<td valign=\"top\">jap. Messer mit einer Schneide<\/td>\n<\/tr>\n<tr>\n<td valign=\"top\">Buki-waza<\/td>\n<td valign=\"top\">Oberbegriff Waffentechniken (Buki = Waffe)<\/td>\n<\/tr>\n<tr>\n<td valign=\"top\">Tanken-dori<\/td>\n<td valign=\"top\">Griff zum Messer; dem Angreifer das Messer entwinden.<\/td>\n<\/tr>\n<tr>\n<td valign=\"top\">Tachi-dori<\/td>\n<td valign=\"top\">das Schwert ergreifen. Technik, dem Angreifer das Schwert zu entwinden und ihn zu werfen.<\/td>\n<\/tr>\n<tr>\n<td valign=\"top\">Jo-dori<\/td>\n<td valign=\"top\">den Stock ergreifen; entwaffnen des Partners, der mit dem Jo angreift<\/td>\n<\/tr>\n<tr>\n<td valign=\"top\">Jo-kata<\/td>\n<td valign=\"top\">nach Inhalt und Form festgelegte Serie von Angriffs- und Verteidigungstechniken mit dem Jo<\/td>\n<\/tr>\n<tr>\n<td valign=\"top\">Kumi-Jo<\/td>\n<td valign=\"top\">\u00dcbungen Stock gegen Stock<\/td>\n<\/tr>\n<tr>\n<td valign=\"top\">Kumi-Tachi<\/td>\n<td valign=\"top\">\u00dcbungen Schwert gegen Schwert<\/td>\n<\/tr>\n<tr>\n<td valign=\"top\">Hachi-no-ji<\/td>\n<td valign=\"top\">schwingen des Jo (Stabes) \u00e4hnlich dem Zeichen einer liegenden acht.<\/td>\n<\/tr>\n<tr>\n<td valign=\"top\">Suburi<\/td>\n<td valign=\"top\">Schwert- oder Stock-\u00dcbung, bestehend aus vielen Wiederholungen einer einzigen Bewegung oder Technik, mit dem Ziel der Verinnerlichung wesentlicher Elemente der Technik.<\/td>\n<\/tr>\n<tr>\n<td valign=\"top\">Nagare-gaeshi<\/td>\n<td valign=\"top\">Zwei Schl\u00e4ge in flie\u00dfender Bewegung ausf\u00fchren.<\/td>\n<\/tr>\n<\/tbody>\n<\/table>\n","protected":false},"excerpt":{"rendered":"<p>Waffenbezogene Begriffe Katana einschneidiges Langschwert mit leicht gekr\u00fcmmter und extrem scharfer Klinge. Tsuba Handschutz, Schmuck des Samurai-Schwertes Bokken Holzschwert (Nachbildung des Katana) Jo ca. 1,30m langer und ca. 2,2 cm dicker, runder Stab aus Hartholz Tanto jap. Messer mit einer &hellip; <a href=\"https:\/\/www.dortmund-aikido.de\/?page_id=32\">Weiterlesen <span class=\"meta-nav\">&rarr;<\/span><\/a><\/p>\n","protected":false},"author":1,"featured_media":0,"parent":20,"menu_order":5,"comment_status":"open","ping_status":"open","template":"","meta":[],"_links":{"self":[{"href":"https:\/\/www.dortmund-aikido.de\/index.php?rest_route=\/wp\/v2\/pages\/32"}],"collection":[{"href":"https:\/\/www.dortmund-aikido.de\/index.php?rest_route=\/wp\/v2\/pages"}],"about":[{"href":"https:\/\/www.dortmund-aikido.de\/index.php?rest_route=\/wp\/v2\/types\/page"}],"author":[{"embeddable":true,"href":"https:\/\/www.dortmund-aikido.de\/index.php?rest_route=\/wp\/v2\/users\/1"}],"replies":[{"embeddable":true,"href":"https:\/\/www.dortmund-aikido.de\/index.php?rest_route=%2Fwp%2Fv2%2Fcomments&post=32"}],"version-history":[{"count":0,"href":"https:\/\/www.dortmund-aikido.de\/index.php?rest_route=\/wp\/v2\/pages\/32\/revisions"}],"up":[{"embeddable":true,"href":"https:\/\/www.dortmund-aikido.de\/index.php?rest_route=\/wp\/v2\/pages\/20"}],"wp:attachment":[{"href":"https:\/\/www.dortmund-aikido.de\/index.php?rest_route=%2Fwp%2Fv2%2Fmedia&parent=32"}],"curies":[{"name":"wp","href":"https:\/\/api.w.org\/{rel}","templated":true}]}}