{"id":30,"date":"2013-04-10T22:01:47","date_gmt":"2013-04-10T20:01:47","guid":{"rendered":"http:\/\/localhost\/wordpress\/?page_id=30"},"modified":"2013-04-10T22:01:47","modified_gmt":"2013-04-10T20:01:47","slug":"korperteile","status":"publish","type":"page","link":"https:\/\/www.dortmund-aikido.de\/?page_id=30","title":{"rendered":"K\u00f6rperteile"},"content":{"rendered":"<p><strong>K\u00f6rperteile, Technische Begriffe &#8211; Angriff\/Verteidigung<\/strong><\/p>\n<table>\n<tbody>\n<tr>\n<td valign=\"top\">Te<\/td>\n<td valign=\"top\">Hand<\/td>\n<\/tr>\n<tr>\n<td valign=\"top\">Te-dori<\/td>\n<td valign=\"top\">mit der Hand ergreifen (dori\/tori = nehmen, greifen)<\/td>\n<\/tr>\n<tr>\n<td valign=\"top\">Kata-te-dori<\/td>\n<td valign=\"top\">Erfassen eines Handgelenkes<\/td>\n<\/tr>\n<tr>\n<td valign=\"top\">Ryo-te-dori<\/td>\n<td valign=\"top\">Griff beider H\u00e4nde<\/td>\n<\/tr>\n<tr>\n<td valign=\"top\">Morote-dori<\/td>\n<td valign=\"top\">Griff mit beiden H\u00e4nden (auch Katate-Ryote-dori)<\/td>\n<\/tr>\n<tr>\n<td valign=\"top\">Sode-dori<\/td>\n<td valign=\"top\">am \u00c4rmel fassen, \u00c4rmelgriff<\/td>\n<\/tr>\n<tr>\n<td valign=\"top\">Ryo-sode-dori<\/td>\n<td valign=\"top\">Griff beider \u00c4rmel<\/td>\n<\/tr>\n<tr>\n<td valign=\"top\">Hiji-dori<\/td>\n<td valign=\"top\">fassen beim Ellenbogen<\/td>\n<\/tr>\n<tr>\n<td valign=\"top\">Ryo-hiji-dori<\/td>\n<td valign=\"top\">Griff beider Ellenbogen (\u00c4rmel).<\/td>\n<\/tr>\n<tr>\n<td valign=\"top\">Kata-dori<\/td>\n<td valign=\"top\">Griff zur Schulter<\/td>\n<\/tr>\n<tr>\n<td valign=\"top\">Ryo-kata-dori<\/td>\n<td valign=\"top\">Griff an beiden Schultern<\/td>\n<\/tr>\n<tr>\n<td valign=\"top\">Mune-dori<\/td>\n<td valign=\"top\">Griff am Jacken-Revers in Brusth\u00f6he<\/td>\n<\/tr>\n<tr>\n<td valign=\"top\">Eri-dori<\/td>\n<td valign=\"top\">ergreifen des Revers des Partners<\/td>\n<\/tr>\n<tr>\n<td valign=\"top\">Kubi<\/td>\n<td valign=\"top\">Hals, Nacken, Genick<\/td>\n<\/tr>\n<tr>\n<td valign=\"top\">Kubi-shime<\/td>\n<td valign=\"top\">W\u00fcrgen am Hals (Shime\/Jime = w\u00fcrgen, strangulieren)<\/td>\n<\/tr>\n<tr>\n<td valign=\"top\">Tsuki<\/td>\n<td valign=\"top\">sto\u00dfen, gerader Sto\u00df, Schlag<\/td>\n<\/tr>\n<tr>\n<td valign=\"top\">Jodan-zuki<\/td>\n<td valign=\"top\">gerader Fauststo\u00df zum oberen K\u00f6rperbereich<\/td>\n<\/tr>\n<tr>\n<td valign=\"top\">Chudan-zuki<\/td>\n<td valign=\"top\">gerader Fauststo\u00df zum mittleren K\u00f6rperbereich<\/td>\n<\/tr>\n<tr>\n<td valign=\"top\">Shomen-uchi(Men-uchi )<\/td>\n<td valign=\"top\">frontaler (Schwert-) Schlag auf die Stirn, von oben nach unten<\/td>\n<\/tr>\n<tr>\n<td valign=\"top\">Yokomen-uchi<\/td>\n<td valign=\"top\">Schr\u00e4ger Schlag von vorne<\/td>\n<\/tr>\n<tr>\n<td valign=\"top\">Geri<\/td>\n<td valign=\"top\">Tritt, Fu\u00dftritt<\/td>\n<\/tr>\n<tr>\n<td valign=\"top\">Ichi<\/td>\n<td valign=\"top\">eins, eine, einer<\/td>\n<\/tr>\n<tr>\n<td valign=\"top\">Ikkyo<\/td>\n<td valign=\"top\">erste Technik,\u00a0 Armstreckhebel-Haltegriff<\/td>\n<\/tr>\n<tr>\n<td valign=\"top\">Ni<\/td>\n<td valign=\"top\">zwei<\/td>\n<\/tr>\n<tr>\n<td valign=\"top\">Nikyo<\/td>\n<td valign=\"top\">zweite Technik ; Armdrehhebel-Haltegriff<\/td>\n<\/tr>\n<tr>\n<td valign=\"top\">San<\/td>\n<td valign=\"top\">drei<\/td>\n<\/tr>\n<tr>\n<td valign=\"top\">Sankyo<\/td>\n<td valign=\"top\">dritte Technik\u00a0 (auch Kote-hineri ); Handdrehhebel-Haltegriff<\/td>\n<\/tr>\n<tr>\n<td valign=\"top\">Yonkyo<\/td>\n<td valign=\"top\">vierte Technik ; Armpre\u00c3\u0178drehhebel-Haltegriff<\/td>\n<\/tr>\n<tr>\n<td valign=\"top\">Gokyo<\/td>\n<td valign=\"top\">f\u00fcnfte Technik; Armschl\u00fcssel<\/td>\n<\/tr>\n<tr>\n<td valign=\"top\">Shiho-Nage<\/td>\n<td valign=\"top\">Schwertwurf (Shiho = vier Ecken, die vier Himmelsrichtungen)<\/td>\n<\/tr>\n<tr>\n<td valign=\"top\">Irimi-Nage<\/td>\n<td valign=\"top\">Wurf von hinten<\/td>\n<\/tr>\n<tr>\n<td valign=\"top\">Tenchi-Nage<\/td>\n<td valign=\"top\">Himmel- und Erdewurf<\/td>\n<\/tr>\n<tr>\n<td valign=\"top\">Kote-Gaeshi<\/td>\n<td valign=\"top\">Handgelenkau\u00dfendrehwurf<\/td>\n<\/tr>\n<tr>\n<td valign=\"top\">Kaiten-nage (uchi\/soto)<\/td>\n<td valign=\"top\">Schleuderwurf (innen\/au\u00dfen)<\/td>\n<\/tr>\n<tr>\n<td valign=\"top\">Koshi-nage<\/td>\n<td valign=\"top\">H\u00fcftwurf (Koshi\/Goshi = H\u00fcfte)<\/td>\n<\/tr>\n<tr>\n<td valign=\"top\">Aiki-Otoshi<\/td>\n<td valign=\"top\">Ausheber (Otoshi = fallen, fallenlassen, Wurf, Sturz)<\/td>\n<\/tr>\n<tr>\n<td valign=\"top\">Juji-Nage<\/td>\n<td valign=\"top\">Armkreuzdrehwurf<\/td>\n<\/tr>\n<tr>\n<td valign=\"top\">Kokyu-nage<\/td>\n<td valign=\"top\">Atemkraftwurf<\/td>\n<\/tr>\n<\/tbody>\n<\/table>\n","protected":false},"excerpt":{"rendered":"<p>K\u00f6rperteile, Technische Begriffe &#8211; Angriff\/Verteidigung Te Hand Te-dori mit der Hand ergreifen (dori\/tori = nehmen, greifen) Kata-te-dori Erfassen eines Handgelenkes Ryo-te-dori Griff beider H\u00e4nde Morote-dori Griff mit beiden H\u00e4nden (auch Katate-Ryote-dori) Sode-dori am \u00c4rmel fassen, \u00c4rmelgriff Ryo-sode-dori Griff beider \u00c4rmel &hellip; <a href=\"https:\/\/www.dortmund-aikido.de\/?page_id=30\">Weiterlesen <span class=\"meta-nav\">&rarr;<\/span><\/a><\/p>\n","protected":false},"author":1,"featured_media":0,"parent":20,"menu_order":4,"comment_status":"closed","ping_status":"closed","template":"","meta":[],"_links":{"self":[{"href":"https:\/\/www.dortmund-aikido.de\/index.php?rest_route=\/wp\/v2\/pages\/30"}],"collection":[{"href":"https:\/\/www.dortmund-aikido.de\/index.php?rest_route=\/wp\/v2\/pages"}],"about":[{"href":"https:\/\/www.dortmund-aikido.de\/index.php?rest_route=\/wp\/v2\/types\/page"}],"author":[{"embeddable":true,"href":"https:\/\/www.dortmund-aikido.de\/index.php?rest_route=\/wp\/v2\/users\/1"}],"replies":[{"embeddable":true,"href":"https:\/\/www.dortmund-aikido.de\/index.php?rest_route=%2Fwp%2Fv2%2Fcomments&post=30"}],"version-history":[{"count":0,"href":"https:\/\/www.dortmund-aikido.de\/index.php?rest_route=\/wp\/v2\/pages\/30\/revisions"}],"up":[{"embeddable":true,"href":"https:\/\/www.dortmund-aikido.de\/index.php?rest_route=\/wp\/v2\/pages\/20"}],"wp:attachment":[{"href":"https:\/\/www.dortmund-aikido.de\/index.php?rest_route=%2Fwp%2Fv2%2Fmedia&parent=30"}],"curies":[{"name":"wp","href":"https:\/\/api.w.org\/{rel}","templated":true}]}}