{"id":28,"date":"2013-04-10T22:00:31","date_gmt":"2013-04-10T20:00:31","guid":{"rendered":"http:\/\/localhost\/wordpress\/?page_id=28"},"modified":"2013-04-10T22:00:31","modified_gmt":"2013-04-10T20:00:31","slug":"technisches","status":"publish","type":"page","link":"https:\/\/www.dortmund-aikido.de\/?page_id=28","title":{"rendered":"Technisches"},"content":{"rendered":"<p><strong>Technische Grundbegriffe und Aikido Prinzipien<\/strong><\/p>\n<table>\n<tbody>\n<tr>\n<td valign=\"top\">Irimi\/Omote<\/td>\n<td valign=\"top\">Vorderseite, direkter, aktiver, positiver, Eingang zur Aikidotechnik<\/td>\n<\/tr>\n<tr>\n<td valign=\"top\">Tenkan\/Ura<\/td>\n<td valign=\"top\">R\u00fcckseite, das negative, \u00e4u\u00dfere Ausweichen durch Anwendung der K\u00f6rperdrehung um eine Technik einzuleiten oder auszuf\u00fchren.<\/td>\n<\/tr>\n<tr>\n<td valign=\"top\">Kata<\/td>\n<td valign=\"top\">festgelegt Form<\/td>\n<\/tr>\n<tr>\n<td valign=\"top\">Waza<\/td>\n<td valign=\"top\">Oberbegriff und Gruppe von Techniken. Technik, Kunst, Gattung<\/td>\n<\/tr>\n<tr>\n<td valign=\"top\">Kihon-waza<\/td>\n<td valign=\"top\">Gruppe der Grundtechniken (Kihon = Grundschule; hon = Basis, Ursprung)<\/td>\n<\/tr>\n<tr>\n<td valign=\"top\">Ushiro-waza<\/td>\n<td valign=\"top\">Gruppe s\u00e4mtlicher Angriffstechniken von R\u00fcckw\u00e4rts<\/td>\n<\/tr>\n<tr>\n<td valign=\"top\">Jiyu-waza<\/td>\n<td valign=\"top\">Oberbegriff f\u00fcr alle Formen des freien Angreifens und Abwehrens (Jiyu = frei sein, Freiheit)<\/td>\n<\/tr>\n<tr>\n<td valign=\"top\">Kaeshi-waza<\/td>\n<td valign=\"top\">Gruppe s\u00e4mtlicher Verkettungen von Aikidotechniken im Sinne einer \u201cGegentechnik\u201d.<\/td>\n<\/tr>\n<tr>\n<td valign=\"top\">Renzoku-waza<\/td>\n<td valign=\"top\">Gruppe s\u00e4mtlicher Verkettungen (Fortsetzungs- und Kombinations-Techniken) nach einem einleitenden Angriff.<\/td>\n<\/tr>\n<tr>\n<td valign=\"top\">Kuzushi<\/td>\n<td valign=\"top\">Gleichgewichtsbrechung, labile Stellung<\/td>\n<\/tr>\n<tr>\n<td valign=\"top\">Ma-ai<\/td>\n<td valign=\"top\">harmonische Distanz (Entfernung) als optimaler Abstand zwischen Nage und Uke<\/td>\n<\/tr>\n<tr>\n<td valign=\"top\">Atemi(-te)<\/td>\n<td valign=\"top\">Schlag oder Sto\u00df<\/td>\n<\/tr>\n<tr>\n<td valign=\"top\">Keiko\/Geiko<\/td>\n<td valign=\"top\">\u00dcbung, Training, Praxis<\/td>\n<\/tr>\n<tr>\n<td valign=\"top\">Ju-no-geiko<\/td>\n<td valign=\"top\">geschmeidige (weiche) Form der Technikausf\u00fchrung, beim \u00dcben und im Randori<\/td>\n<\/tr>\n<tr>\n<td valign=\"top\">Kakari-geiko<\/td>\n<td valign=\"top\">Training der Abwehr eines harten Angriffs. Kraftvolle Trainingsform.<\/td>\n<\/tr>\n<tr>\n<td valign=\"top\">Kumite<\/td>\n<td valign=\"top\">Kampf, Wettkampf, Kampfschule, Kampftraining<\/td>\n<\/tr>\n<tr>\n<td valign=\"top\">Randori<\/td>\n<td valign=\"top\">freies Training mit vorgegebenen oder wechselnden Angriffen und freien Verteidigungstechniken ohne Widerstand des Partners (Ju-no-geiko). Nage steht einem oder mehreren Angreifern gegen\u00fcber.<\/td>\n<\/tr>\n<\/tbody>\n<\/table>\n","protected":false},"excerpt":{"rendered":"<p>Technische Grundbegriffe und Aikido Prinzipien Irimi\/Omote Vorderseite, direkter, aktiver, positiver, Eingang zur Aikidotechnik Tenkan\/Ura R\u00fcckseite, das negative, \u00e4u\u00dfere Ausweichen durch Anwendung der K\u00f6rperdrehung um eine Technik einzuleiten oder auszuf\u00fchren. Kata festgelegt Form Waza Oberbegriff und Gruppe von Techniken. Technik, Kunst, &hellip; <a href=\"https:\/\/www.dortmund-aikido.de\/?page_id=28\">Weiterlesen <span class=\"meta-nav\">&rarr;<\/span><\/a><\/p>\n","protected":false},"author":1,"featured_media":0,"parent":20,"menu_order":3,"comment_status":"closed","ping_status":"closed","template":"","meta":[],"_links":{"self":[{"href":"https:\/\/www.dortmund-aikido.de\/index.php?rest_route=\/wp\/v2\/pages\/28"}],"collection":[{"href":"https:\/\/www.dortmund-aikido.de\/index.php?rest_route=\/wp\/v2\/pages"}],"about":[{"href":"https:\/\/www.dortmund-aikido.de\/index.php?rest_route=\/wp\/v2\/types\/page"}],"author":[{"embeddable":true,"href":"https:\/\/www.dortmund-aikido.de\/index.php?rest_route=\/wp\/v2\/users\/1"}],"replies":[{"embeddable":true,"href":"https:\/\/www.dortmund-aikido.de\/index.php?rest_route=%2Fwp%2Fv2%2Fcomments&post=28"}],"version-history":[{"count":0,"href":"https:\/\/www.dortmund-aikido.de\/index.php?rest_route=\/wp\/v2\/pages\/28\/revisions"}],"up":[{"embeddable":true,"href":"https:\/\/www.dortmund-aikido.de\/index.php?rest_route=\/wp\/v2\/pages\/20"}],"wp:attachment":[{"href":"https:\/\/www.dortmund-aikido.de\/index.php?rest_route=%2Fwp%2Fv2%2Fmedia&parent=28"}],"curies":[{"name":"wp","href":"https:\/\/api.w.org\/{rel}","templated":true}]}}