{"id":26,"date":"2013-04-10T21:59:45","date_gmt":"2013-04-10T19:59:45","guid":{"rendered":"http:\/\/localhost\/wordpress\/?page_id=26"},"modified":"2013-04-10T21:59:45","modified_gmt":"2013-04-10T19:59:45","slug":"positionen","status":"publish","type":"page","link":"https:\/\/www.dortmund-aikido.de\/?page_id=26","title":{"rendered":"Positionen"},"content":{"rendered":"<p><strong>Stellung, Position, Ausrichtung, Bewegung und Fallen<\/strong><\/p>\n<table>\n<tbody>\n<tr>\n<td valign=\"top\">Tori<\/td>\n<td valign=\"top\">Werfender, Verteidiger; auch Nage genannt (Nage = werfen, Wurf)<\/td>\n<\/tr>\n<tr>\n<td valign=\"top\">Uke<\/td>\n<td valign=\"top\">Geworfener, Angreifer<\/td>\n<\/tr>\n<tr>\n<td valign=\"top\">Kamae<\/td>\n<td valign=\"top\">Stand, Position, Stellung, Haltung, Vorbereitung<\/td>\n<\/tr>\n<tr>\n<td valign=\"top\">Hidari-kamae ( Tsuki Kamae)<\/td>\n<td valign=\"top\">linke Vorw\u00e4rtsstellung (Hidari = links)<\/td>\n<\/tr>\n<tr>\n<td valign=\"top\">Migi-kamae( Ken &#8211; Kamae)<\/td>\n<td valign=\"top\">rechte Vorw\u00e4rtsstellung (Migi = rechts)<\/td>\n<\/tr>\n<tr>\n<td valign=\"top\">Shizen-Tai<\/td>\n<td valign=\"top\">Normalstellung, Ausgangsposition, nat\u00fcrliche K\u00f6rperhaltung (Shizen = einfach, nat\u00fcrlich)<\/td>\n<\/tr>\n<tr>\n<td valign=\"top\">Hanmi<\/td>\n<td valign=\"top\">Grundstellung; die F\u00fc\u00dfe stehen im Dreieck<\/td>\n<\/tr>\n<tr>\n<td valign=\"top\">Ai-hanmi<\/td>\n<td valign=\"top\">Tori und Uke stehen beide in Rechts- oder Linksstellung<\/td>\n<\/tr>\n<tr>\n<td valign=\"top\">Gyaku-hanmi<\/td>\n<td valign=\"top\">Tori in Rechtsstellung, Uke in Linksstellung oder umgekehrt<\/td>\n<\/tr>\n<tr>\n<td valign=\"top\">Tachi-waza<\/td>\n<td valign=\"top\">Gruppe s\u00e4mtlicher Standtechniken (Tachi = Stand, im Stehen)<\/td>\n<\/tr>\n<tr>\n<td valign=\"top\">Hanmi-hantachi<\/td>\n<td valign=\"top\">Tori sitzend &#8211; Uke stehend<\/td>\n<\/tr>\n<tr>\n<td valign=\"top\">Suwari-waza<\/td>\n<td valign=\"top\">Gruppe von Techniken, die im Sei-za vorgenommen werden (Suwari\/Suwaru = sich setzen)<\/td>\n<\/tr>\n<tr>\n<td valign=\"top\">Tegatana<\/td>\n<td valign=\"top\">Schwerthand. Die leicht bogenf\u00f6rmig vor dem K\u00f6rper gef\u00fchrten Arme.<\/td>\n<\/tr>\n<tr>\n<td valign=\"top\">Jodan<\/td>\n<td valign=\"top\">obere Angriffsstufe<\/td>\n<\/tr>\n<tr>\n<td valign=\"top\">Chudan<\/td>\n<td valign=\"top\">mittlere Angriffsstufe<\/td>\n<\/tr>\n<tr>\n<td valign=\"top\">Gedan<\/td>\n<td valign=\"top\">untere Angriffsstufe<\/td>\n<\/tr>\n<tr>\n<td valign=\"top\">Shintai<\/td>\n<td valign=\"top\">Gehschule, richtiges Gehen. Die Formen des Stehens, des Gehens und des Bewegens<\/td>\n<\/tr>\n<tr>\n<td valign=\"top\">Ayumi-ashi<\/td>\n<td valign=\"top\">normale Gehbewegung (Ashi = Fu\u00df)<\/td>\n<\/tr>\n<tr>\n<td valign=\"top\">Tsugi-ashi<\/td>\n<td valign=\"top\">Gleitschritt<\/td>\n<\/tr>\n<tr>\n<td valign=\"top\">Sabaki<\/td>\n<td valign=\"top\">Drehen, sich verteidigen, ausweichen, vereiteln. Oberbegriff f\u00fcr alle Formen der Bewegung und des Gehens.<\/td>\n<\/tr>\n<tr>\n<td valign=\"top\">Tai-sabaki<\/td>\n<td valign=\"top\">Ausgewogenes Gleichgewicht; stabilisierende, die Balance bzw. den Schwerpunkt erhaltende drehende Bewegung des K\u00f6rpers im Kreis, alleine oder mit Partner.<\/td>\n<\/tr>\n<tr>\n<td valign=\"top\">Kaiten<\/td>\n<td valign=\"top\">drehen, rotieren, rollen \u201cwie ein Rad, um seine Achse)<\/td>\n<\/tr>\n<tr>\n<td valign=\"top\">Shikko<\/td>\n<td valign=\"top\">Gleit-, Schritt- und Drehbewegungen auf den Knien.<\/td>\n<\/tr>\n<tr>\n<td valign=\"top\">Soto<\/td>\n<td valign=\"top\">au\u00dfen<\/td>\n<\/tr>\n<tr>\n<td valign=\"top\">Uchi<\/td>\n<td valign=\"top\">innen, Inneres<\/td>\n<\/tr>\n<tr>\n<td valign=\"top\">Mae<\/td>\n<td valign=\"top\">vorne Vorw\u00e4rts, frontal<\/td>\n<\/tr>\n<tr>\n<td valign=\"top\">Ushiro<\/td>\n<td valign=\"top\">r\u00fcckw\u00e4rts, hinten, nach hinten<\/td>\n<\/tr>\n<tr>\n<td valign=\"top\">Yoko<\/td>\n<td valign=\"top\">seitlich, Seite, von der Flanke kommend<\/td>\n<\/tr>\n<tr>\n<td valign=\"top\">Ukemi<\/td>\n<td valign=\"top\">fallen, Fallschule, Fall\u00fcbungen. Oberbegriff f\u00fcr alle Formen der Verteidigung durch geschicktes Fallen<\/td>\n<\/tr>\n<tr>\n<td valign=\"top\">Mae-ukemi<\/td>\n<td valign=\"top\">Vorw\u00e4rts fallen\/rollen<\/td>\n<\/tr>\n<tr>\n<td valign=\"top\">Ushiro-ukemi<\/td>\n<td valign=\"top\">R\u00fcckw\u00e4rts fallen\/rollen<\/td>\n<\/tr>\n<tr>\n<td valign=\"top\">Yoko-ukemi<\/td>\n<td valign=\"top\">Seitw\u00e4rts fallen<\/td>\n<\/tr>\n<tr>\n<td valign=\"top\">Otoshi<\/td>\n<td valign=\"top\">fallen, fallenlassen, Wurf, Sturz<\/td>\n<\/tr>\n<tr>\n<td valign=\"top\">Hiji-Otoshi<\/td>\n<td valign=\"top\">den Partner am Ellenbogen halten, um z.B. seinen Fall zu bremsen.<\/td>\n<\/tr>\n<\/tbody>\n<\/table>\n","protected":false},"excerpt":{"rendered":"<p>Stellung, Position, Ausrichtung, Bewegung und Fallen Tori Werfender, Verteidiger; auch Nage genannt (Nage = werfen, Wurf) Uke Geworfener, Angreifer Kamae Stand, Position, Stellung, Haltung, Vorbereitung Hidari-kamae ( Tsuki Kamae) linke Vorw\u00e4rtsstellung (Hidari = links) Migi-kamae( Ken &#8211; Kamae) rechte Vorw\u00e4rtsstellung &hellip; <a href=\"https:\/\/www.dortmund-aikido.de\/?page_id=26\">Weiterlesen <span class=\"meta-nav\">&rarr;<\/span><\/a><\/p>\n","protected":false},"author":1,"featured_media":0,"parent":20,"menu_order":2,"comment_status":"closed","ping_status":"closed","template":"","meta":[],"_links":{"self":[{"href":"https:\/\/www.dortmund-aikido.de\/index.php?rest_route=\/wp\/v2\/pages\/26"}],"collection":[{"href":"https:\/\/www.dortmund-aikido.de\/index.php?rest_route=\/wp\/v2\/pages"}],"about":[{"href":"https:\/\/www.dortmund-aikido.de\/index.php?rest_route=\/wp\/v2\/types\/page"}],"author":[{"embeddable":true,"href":"https:\/\/www.dortmund-aikido.de\/index.php?rest_route=\/wp\/v2\/users\/1"}],"replies":[{"embeddable":true,"href":"https:\/\/www.dortmund-aikido.de\/index.php?rest_route=%2Fwp%2Fv2%2Fcomments&post=26"}],"version-history":[{"count":0,"href":"https:\/\/www.dortmund-aikido.de\/index.php?rest_route=\/wp\/v2\/pages\/26\/revisions"}],"up":[{"embeddable":true,"href":"https:\/\/www.dortmund-aikido.de\/index.php?rest_route=\/wp\/v2\/pages\/20"}],"wp:attachment":[{"href":"https:\/\/www.dortmund-aikido.de\/index.php?rest_route=%2Fwp%2Fv2%2Fmedia&parent=26"}],"curies":[{"name":"wp","href":"https:\/\/api.w.org\/{rel}","templated":true}]}}