{"id":24,"date":"2013-04-10T21:58:40","date_gmt":"2013-04-10T19:58:40","guid":{"rendered":"http:\/\/localhost\/wordpress\/?page_id=24"},"modified":"2024-01-03T17:34:39","modified_gmt":"2024-01-03T15:34:39","slug":"etikette","status":"publish","type":"page","link":"https:\/\/www.dortmund-aikido.de\/?page_id=24","title":{"rendered":"Etikette"},"content":{"rendered":"<p><strong>Etikette, Zeremonielle und Gegenst\u00e4nde im Aikido<\/strong><\/p>\n<table>\n<tbody>\n<tr>\n<td valign=\"top\">Budoka<\/td>\n<td valign=\"top\">Aus\u00fcbender des Budo; Budo = Sammelbegriff f\u00fcr die Kriegsk\u00fcnste; w\u00f6rtlich \u201cWeg des Ritters\u201d<\/td>\n<\/tr>\n<tr>\n<td valign=\"top\">Aikidoka<\/td>\n<td valign=\"top\">Aus\u00fcbende des Aikido<\/td>\n<\/tr>\n<tr>\n<td valign=\"top\">O-Sensei<\/td>\n<td valign=\"top\">Gro\u00dfer Meister, Ehrentitel f\u00fcr Begr\u00fcnder von Budo-Disziplinen; Aikido-Begr\u00fcnder O-Sensei Morihei Ueshiba<\/td>\n<\/tr>\n<tr>\n<td valign=\"top\">Doshu<\/td>\n<td valign=\"top\">Ehrentitel f\u00fcr einen Gro\u00dfmeister des Do; jetziger Doshu ist der Enkelsohn des Aikido-Begr\u00fcnders, Moriteru Ueshiba<\/td>\n<\/tr>\n<tr>\n<td valign=\"top\">Shihan<\/td>\n<td valign=\"top\">Titel f\u00fcr einen hohen W\u00fcrdentr\u00e4ger, Vorbild, Meister; h\u00f6chstes Qualifikationsniveau eines Instruktors; Shihan-Auszeichnung wird im Aikido von Hombu verliehen (H\u00f6chster von drei Titeln: 3. Fuku Shidoin, 2. Shidoin, 1. Shihan)<\/td>\n<\/tr>\n<tr>\n<td valign=\"top\">Sensei<\/td>\n<td valign=\"top\">\u00fcbliche jap. Anrede f\u00fcr Professoren, Lehrer, Meister und \u00c4rzte; oft auch rangh\u00f6chster Dan-tr\u00e4ger im Dojo<\/td>\n<\/tr>\n<tr>\n<td valign=\"top\">Sempai<\/td>\n<td valign=\"top\">der \u00c4ltere\u00a0 Sch\u00fclers<\/td>\n<\/tr>\n<tr>\n<td valign=\"top\">Kohai<\/td>\n<td valign=\"top\">Junior, der J\u00fcngere, der Auszubildende; Aikido-Sch\u00fcler<\/td>\n<\/tr>\n<tr>\n<td valign=\"top\">Uchi-deshi<\/td>\n<td valign=\"top\">pers\u00f6nlicher Sch\u00fcler; lebt in der Hausgemeinschaft des Meisters und steht diesem 24 Stunden pro Tag zur Verf\u00fcgung<\/td>\n<\/tr>\n<tr>\n<td valign=\"top\">Kyu<\/td>\n<td valign=\"top\">Rang, Klasse &#8211; Sch\u00fclergrad<\/td>\n<\/tr>\n<tr>\n<td valign=\"top\">Dan<\/td>\n<td valign=\"top\">Rang, Klasse &#8211; Meistergrad<\/td>\n<\/tr>\n<tr>\n<td valign=\"top\">Dojo<\/td>\n<td valign=\"top\">Ort, an dem die Sch\u00fcler den \u201cWeg\u201d \u00fcben (Weg-Halle; Ort der Erweckung; Raum der Erleuchtung)<\/td>\n<\/tr>\n<tr>\n<td valign=\"top\">Sonkei<\/td>\n<td valign=\"top\">Respekt, Achtung, Ehrerweisung, Zur Dojo-Ethik geh\u00f6rend.<\/td>\n<\/tr>\n<tr>\n<td valign=\"top\">Sei-za<\/td>\n<td valign=\"top\">w\u00f6rtlich \u201cstill sitzen\u201d; asiatische Form des Sitzens auf den Fersen, Kniende Position (auch Tai-za); Sei = Inaktivit\u00e4t, Ruhe und physisches Gleichgewicht; Za = Sitz, Platz;<\/td>\n<\/tr>\n<tr>\n<td valign=\"top\">Rei<\/td>\n<td valign=\"top\">biegen, biegsam, Bogen; auch Verbeugung, Gru\u00df, Begr\u00fc\u00dfung,<\/td>\n<\/tr>\n<tr>\n<td valign=\"top\">Rei-ho<\/td>\n<td valign=\"top\">Technik und zeremonielle (rituale) Form des Verbeugens und Begr\u00fc\u00dfens<\/td>\n<\/tr>\n<tr>\n<td valign=\"top\">Za-Rei<\/td>\n<td valign=\"top\">Verbeugung im Sitzen<\/td>\n<\/tr>\n<tr>\n<td valign=\"top\">Ritsu-rei<\/td>\n<td valign=\"top\">Verbeugung im Stehen<\/td>\n<\/tr>\n<tr>\n<td valign=\"top\">Onegai shimasu<\/td>\n<td valign=\"top\">Bitte (vor dem \u00dcben)<\/td>\n<\/tr>\n<tr>\n<td valign=\"top\">Domo arigato gozai mashita<\/td>\n<td valign=\"top\">Dank nach dem \u00dcben<\/td>\n<\/tr>\n<tr>\n<td valign=\"top\">Dozo<\/td>\n<td valign=\"top\">einladendes Bitte<\/td>\n<\/tr>\n<tr>\n<td valign=\"top\">Haii<\/td>\n<td valign=\"top\">Ja<\/td>\n<\/tr>\n<tr>\n<td valign=\"top\">Ijye<\/td>\n<td valign=\"top\">Nein<\/td>\n<\/tr>\n<tr>\n<td valign=\"top\">Budogi<\/td>\n<td valign=\"top\">(Kurz Gi) Budo Bekleidung (Bu = Ritter, Krieger)<\/td>\n<\/tr>\n<tr>\n<td valign=\"top\">Obi<\/td>\n<td valign=\"top\">G\u00fcrtel<\/td>\n<\/tr>\n<tr>\n<td valign=\"top\">Hakama<\/td>\n<td valign=\"top\">klassisches jap. Kleidungsst\u00fcck, Hosenrock<\/td>\n<\/tr>\n<tr>\n<td valign=\"top\">Zori<\/td>\n<td valign=\"top\">jap. Reisstroh-Sandalen<\/td>\n<\/tr>\n<tr>\n<td valign=\"top\">Tatami<\/td>\n<td valign=\"top\">Reisstroh-Matten<\/td>\n<\/tr>\n<tr>\n<td valign=\"top\">Mokuso<\/td>\n<td valign=\"top\">Meditation, Konzentration<\/td>\n<\/tr>\n<tr>\n<td valign=\"top\">Gassho<\/td>\n<td valign=\"top\">Meditations- und Konzentrations\u00fcbung; w\u00f6rtlich \u201cdie H\u00e4nde vor dem K\u00f6rper falten\u201d<\/td>\n<\/tr>\n<tr>\n<td valign=\"top\">Aiki-taiso<\/td>\n<td valign=\"top\">Grund\u00fcbungen, Vorbereitungstraining (Taiso = K\u00f6rpertraining, Gymnastik)<\/td>\n<\/tr>\n<tr>\n<td valign=\"top\">Shiho-giri<\/td>\n<td valign=\"top\">\u00dcbungsablauf, ausgef\u00fchrt in den 4 Himmelsrichtungen<\/td>\n<\/tr>\n<\/tbody>\n<\/table>\n","protected":false},"excerpt":{"rendered":"<p>Etikette, Zeremonielle und Gegenst\u00e4nde im Aikido Budoka Aus\u00fcbender des Budo; Budo = Sammelbegriff f\u00fcr die Kriegsk\u00fcnste; w\u00f6rtlich \u201cWeg des Ritters\u201d Aikidoka Aus\u00fcbende des Aikido O-Sensei Gro\u00dfer Meister, Ehrentitel f\u00fcr Begr\u00fcnder von Budo-Disziplinen; Aikido-Begr\u00fcnder O-Sensei Morihei Ueshiba Doshu Ehrentitel f\u00fcr einen &hellip; <a href=\"https:\/\/www.dortmund-aikido.de\/?page_id=24\">Weiterlesen <span class=\"meta-nav\">&rarr;<\/span><\/a><\/p>\n","protected":false},"author":1,"featured_media":0,"parent":20,"menu_order":1,"comment_status":"closed","ping_status":"closed","template":"","meta":[],"_links":{"self":[{"href":"https:\/\/www.dortmund-aikido.de\/index.php?rest_route=\/wp\/v2\/pages\/24"}],"collection":[{"href":"https:\/\/www.dortmund-aikido.de\/index.php?rest_route=\/wp\/v2\/pages"}],"about":[{"href":"https:\/\/www.dortmund-aikido.de\/index.php?rest_route=\/wp\/v2\/types\/page"}],"author":[{"embeddable":true,"href":"https:\/\/www.dortmund-aikido.de\/index.php?rest_route=\/wp\/v2\/users\/1"}],"replies":[{"embeddable":true,"href":"https:\/\/www.dortmund-aikido.de\/index.php?rest_route=%2Fwp%2Fv2%2Fcomments&post=24"}],"version-history":[{"count":2,"href":"https:\/\/www.dortmund-aikido.de\/index.php?rest_route=\/wp\/v2\/pages\/24\/revisions"}],"predecessor-version":[{"id":1150,"href":"https:\/\/www.dortmund-aikido.de\/index.php?rest_route=\/wp\/v2\/pages\/24\/revisions\/1150"}],"up":[{"embeddable":true,"href":"https:\/\/www.dortmund-aikido.de\/index.php?rest_route=\/wp\/v2\/pages\/20"}],"wp:attachment":[{"href":"https:\/\/www.dortmund-aikido.de\/index.php?rest_route=%2Fwp%2Fv2%2Fmedia&parent=24"}],"curies":[{"name":"wp","href":"https:\/\/api.w.org\/{rel}","templated":true}]}}