{"id":22,"date":"2013-04-10T21:57:04","date_gmt":"2013-04-10T19:57:04","guid":{"rendered":"http:\/\/localhost\/wordpress\/?page_id=22"},"modified":"2013-04-10T21:57:04","modified_gmt":"2013-04-10T19:57:04","slug":"grundprinzipien","status":"publish","type":"page","link":"https:\/\/www.dortmund-aikido.de\/?page_id=22","title":{"rendered":"Grundprinzipien"},"content":{"rendered":"<p><strong>Aikido Grundprinzipien und <\/strong><strong>Philosophie<br \/>\n<\/strong><\/p>\n<table>\n<tbody>\n<tr>\n<td valign=\"top\">Ai<\/td>\n<td valign=\"top\">Harmonie, als \u00dcbergeordnetes Prinzip des Aikido; miteinander-verschmelzen, ineinander-\u00fcbergehen; Bedeutet auch Liebe<\/td>\n<\/tr>\n<tr>\n<td valign=\"top\">Ki<\/td>\n<td valign=\"top\">Urkraft, geistig-seelische Kraft, Atemkraft<\/td>\n<\/tr>\n<tr>\n<td valign=\"top\">Do<\/td>\n<td valign=\"top\">Weg Grundsatz, Lehre, Philosophie, Prinzip, Methode<\/td>\n<\/tr>\n<tr>\n<td valign=\"top\">Aikido<\/td>\n<td valign=\"top\">defensive Kampfkunst die Morihei Ueshiba aus \u00e4lteren Formen heraus entwickelt hat<\/td>\n<\/tr>\n<tr>\n<td valign=\"top\">Kokoro<\/td>\n<td valign=\"top\">Herz; \u201cSprache des Herzens\u201d zwischen Lehrer und Sch\u00fcler, Nage und Uke. Bedeutet auch Seele, Gef\u00fchl, innere Haltung<\/td>\n<\/tr>\n<tr>\n<td valign=\"top\">Nin\/Shinobu<\/td>\n<td valign=\"top\">Geduld, mit sich selbst und mit anderen<\/td>\n<\/tr>\n<tr>\n<td valign=\"top\">Mu<\/td>\n<td valign=\"top\">das absolute Nichts; nicht verhaftet sein<\/td>\n<\/tr>\n<tr>\n<td valign=\"top\">Muskin<\/td>\n<td valign=\"top\">absolute Gelassenheit, Absichtslosigkeit<br \/>\n(Es, das Unbewu\u00dfte, wirft.)<\/td>\n<\/tr>\n<tr>\n<td valign=\"top\">Sen-sen-no-sen<\/td>\n<td valign=\"top\">Dem Angreifer zuvorkommen. Verteidigen in dem Augenblick, wenn die Angriffsabsicht des Gegners noch nicht durch seine Bewegung zu erkennen ist, intuitive Reaktion.<\/td>\n<\/tr>\n<tr>\n<td valign=\"top\">Zan-shin<\/td>\n<td valign=\"top\">Vollendung, Abschlu\u00df<\/td>\n<\/tr>\n<tr>\n<td valign=\"top\">Ko-kyu<\/td>\n<td valign=\"top\">Strom der als Atemkraft manifestierten geistig-seelischen Kraft, die jede Aikidotechnik begleitet (Ko = einatmen, Kyu = ausatmen)<\/td>\n<\/tr>\n<tr>\n<td valign=\"top\">Kokyu-ho<\/td>\n<td valign=\"top\">Weg und M\u00f6glichkeit, andere durch Kokyu zu f\u00fchren; Atemkraft\u00fcbung. Der Angreifer wird k\u00f6rperlich und\/oder geistig durch Kokyu gef\u00fchrt und beeinflu\u00dft. (Ho = Gesetz, Methode, Grundsatz)<\/td>\n<\/tr>\n<tr>\n<td valign=\"top\">Kata<\/td>\n<td valign=\"top\">w\u00f6rtlich \u201cForm\u201d, \u201cModell\u201d; Stil- und Perfektions\u00fcbung, Kombinationsreihe, Schattenkampf; Genau festgelegte, vorgeschriebene \u00dcbungen zum Zwecke der Selbstfindung und Demonstration. Der Kata-Ausf\u00fchrende beherrscht die Lebensenergie (im Gegensatz zu \u201cWaza\u201d = Beherrschung der reinen Technik als Kunstfertigkeit und zu \u201cDo\u201d = Huldigung des philosophisch-spirituellen Aspektes)<\/td>\n<\/tr>\n<tr>\n<td valign=\"top\">Hara<\/td>\n<td valign=\"top\">Bauch, leib-seelische K\u00f6rpermitte, Kraftzentrum; Sitz der Lebensenergie (Ki); etwas unter dem Bauchnabel<\/td>\n<\/tr>\n<tr>\n<td valign=\"top\">Kime<\/td>\n<td valign=\"top\">Brennpunkt, Zentrum, Konzentration<\/td>\n<\/tr>\n<tr>\n<td valign=\"top\">Kiai<\/td>\n<td valign=\"top\">w\u00f6rtlich \u201cGeist-Begegnung\u201d; durchdringender (oft l\u00e4hmender) Schrei, der durch die Koordination der Atmung und der k\u00f6rperlichen Bewegung im H\u00f6hepunkt oder in der Endstellung einer Verteidigung herausgepresst wird. Der Kiai macht die Einheit von Ki, Geist und K\u00f6rper deutlich.<\/td>\n<\/tr>\n<tr>\n<td valign=\"top\">Awase<\/td>\n<td valign=\"top\">Vereinigung des eigenen Ki mit dem des Partners (awaseru = zusammenbringen, verbinden)<\/td>\n<\/tr>\n<tr>\n<td valign=\"top\">Ki-no-nagare<\/td>\n<td valign=\"top\">Ki-(Energie-)Fluss in fortschrittlichen Aikido-Techniken; Nagare = flie\u00dfen str\u00f6men<\/td>\n<\/tr>\n<\/tbody>\n<\/table>\n","protected":false},"excerpt":{"rendered":"<p>Aikido Grundprinzipien und Philosophie Ai Harmonie, als \u00dcbergeordnetes Prinzip des Aikido; miteinander-verschmelzen, ineinander-\u00fcbergehen; Bedeutet auch Liebe Ki Urkraft, geistig-seelische Kraft, Atemkraft Do Weg Grundsatz, Lehre, Philosophie, Prinzip, Methode Aikido defensive Kampfkunst die Morihei Ueshiba aus \u00e4lteren Formen heraus entwickelt hat &hellip; <a href=\"https:\/\/www.dortmund-aikido.de\/?page_id=22\">Weiterlesen <span class=\"meta-nav\">&rarr;<\/span><\/a><\/p>\n","protected":false},"author":1,"featured_media":0,"parent":20,"menu_order":0,"comment_status":"closed","ping_status":"closed","template":"","meta":[],"_links":{"self":[{"href":"https:\/\/www.dortmund-aikido.de\/index.php?rest_route=\/wp\/v2\/pages\/22"}],"collection":[{"href":"https:\/\/www.dortmund-aikido.de\/index.php?rest_route=\/wp\/v2\/pages"}],"about":[{"href":"https:\/\/www.dortmund-aikido.de\/index.php?rest_route=\/wp\/v2\/types\/page"}],"author":[{"embeddable":true,"href":"https:\/\/www.dortmund-aikido.de\/index.php?rest_route=\/wp\/v2\/users\/1"}],"replies":[{"embeddable":true,"href":"https:\/\/www.dortmund-aikido.de\/index.php?rest_route=%2Fwp%2Fv2%2Fcomments&post=22"}],"version-history":[{"count":0,"href":"https:\/\/www.dortmund-aikido.de\/index.php?rest_route=\/wp\/v2\/pages\/22\/revisions"}],"up":[{"embeddable":true,"href":"https:\/\/www.dortmund-aikido.de\/index.php?rest_route=\/wp\/v2\/pages\/20"}],"wp:attachment":[{"href":"https:\/\/www.dortmund-aikido.de\/index.php?rest_route=%2Fwp%2Fv2%2Fmedia&parent=22"}],"curies":[{"name":"wp","href":"https:\/\/api.w.org\/{rel}","templated":true}]}}