{"id":16,"date":"2013-04-10T21:53:24","date_gmt":"2013-04-10T19:53:24","guid":{"rendered":"http:\/\/localhost\/wordpress\/?page_id=16"},"modified":"2024-01-03T17:30:53","modified_gmt":"2024-01-03T15:30:53","slug":"wissenswertes","status":"publish","type":"page","link":"https:\/\/www.dortmund-aikido.de\/?page_id=16","title":{"rendered":"Start ins AIKIDO"},"content":{"rendered":"<p><a href=\"http:\/\/www.dortmund-aikido.de\/neu\/wp-content\/uploads\/2013\/04\/kopf.jpg\"><img decoding=\"async\" loading=\"lazy\" class=\"alignnone size-medium wp-image-561\" src=\"http:\/\/www.dortmund-aikido.de\/neu\/wp-content\/uploads\/2013\/04\/kopf-300x75.jpg\" alt=\"kopf\" width=\"567\" height=\"143\" srcset=\"https:\/\/www.dortmund-aikido.de\/neu\/wp-content\/uploads\/2013\/04\/kopf-300x75.jpg 300w, https:\/\/www.dortmund-aikido.de\/neu\/wp-content\/uploads\/2013\/04\/kopf.jpg 567w\" sizes=\"(max-width: 567px) 100vw, 567px\" \/><\/a><\/p>\n<p><em><b>Haben Sie Interesse an Aikido?<br \/>\n<\/b><\/em><em><b>Sie k\u00f6nnen jederzeit damit anfangen!<br \/>\n<\/b><\/em><em><b>Ein spezieller Einsteigerkurs ist nicht notwendig.<\/b><\/em><\/p>\n<p>Aikido ist eine moderne japanische Kampfkunst. Es ist ein Weg (Do) geistiger und k\u00f6rperlicher Schulung, bei dem K\u00f6rper und Geist darauf trainiert werden(Aiki), in zielgerichteter und effektiver Weise zusammen zu arbeiten. Die Wahrnehmung, Kontrolle und Lenkung der inneren und \u00e4u\u00dferen Kr\u00e4fte in Konfliktsituationen ist Schwerpunkt des Trainings.<\/p>\n<p><strong>F\u00fcr Einsteiger\/innen:<\/strong><br \/>\nAikido bedeutet dynamische Bewegungen, Drehungen, Kr\u00e4fte aufnehmen, werfen, fallen und immer wieder die eigene Mitte finden.<br \/>\nAikido ist pers\u00f6nlichkeitsbildend, eine mentale Herausforderung, sein Gleichgewicht und innere Ruhe zu finden.<br \/>\n<strong>F\u00fcr Umsteiger\/innen<\/strong><br \/>\nIm Aikido gibt es keine Wettk\u00e4mpfe. Man \u201cschl\u00e4gt\u201d nicht aufeinander ein. K\u00f6rperkraft ist nicht entscheidend f\u00fcr die Effektivit\u00e4t des Aikido. Aufmerksamkeit, \u201cAwase\u201d (Einstellen auf den Partner) und intelligentes Handeln in Konfliktsituationen sind wichtiger.<br \/>\n<strong>F\u00fcr Wiedereinsteiger\/innen<\/strong><br \/>\nDen Weg des Aikido kann man immer wieder neu beschreiten. Wir bieten ein differenziertes Training, bei dem das Einstellen auf die k\u00f6rperlichen F\u00e4higkeiten der Trainierenden den Ausgangspunkt bildet.<\/p>\n<p>Einsteiger\/innen und Fortgeschrittene trainieren gemeinsam. Davon profitieren beide.<\/p>\n<p>Bitte bequeme Sportkleidung mitbringen!<\/p>\n<p>Alte Holzturnhalle, H\u00f6rderstr.29 (hinter dem balou, Dortmund Brackel))<br \/>\n<strong>Anmeldung unter:<\/strong><br \/>\n<a href=\"mailto:aikido@dortmund-aikido.de\">aikido@dortmund-aikido.de<\/a>\u00a0oder<br \/>\ntelefonisch unter 0231\/255698 (Jutta Ladwig-Preuss \/ Rudolf Preuss)<\/p>\n<p><a href=\"http:\/\/www.dortmund-aikido.de\/neu\/wp-content\/uploads\/2018\/05\/Mitgliedantrag-aikido2018.pdf\">Mitgliedsantrag-aikido2018<\/a><\/p>\n","protected":false},"excerpt":{"rendered":"<p>Haben Sie Interesse an Aikido? Sie k\u00f6nnen jederzeit damit anfangen! Ein spezieller Einsteigerkurs ist nicht notwendig. Aikido ist eine moderne japanische Kampfkunst. Es ist ein Weg (Do) geistiger und k\u00f6rperlicher Schulung, bei dem K\u00f6rper und Geist darauf trainiert werden(Aiki), in &hellip; <a href=\"https:\/\/www.dortmund-aikido.de\/?page_id=16\">Weiterlesen <span class=\"meta-nav\">&rarr;<\/span><\/a><\/p>\n","protected":false},"author":1,"featured_media":0,"parent":0,"menu_order":3,"comment_status":"closed","ping_status":"closed","template":"","meta":[],"_links":{"self":[{"href":"https:\/\/www.dortmund-aikido.de\/index.php?rest_route=\/wp\/v2\/pages\/16"}],"collection":[{"href":"https:\/\/www.dortmund-aikido.de\/index.php?rest_route=\/wp\/v2\/pages"}],"about":[{"href":"https:\/\/www.dortmund-aikido.de\/index.php?rest_route=\/wp\/v2\/types\/page"}],"author":[{"embeddable":true,"href":"https:\/\/www.dortmund-aikido.de\/index.php?rest_route=\/wp\/v2\/users\/1"}],"replies":[{"embeddable":true,"href":"https:\/\/www.dortmund-aikido.de\/index.php?rest_route=%2Fwp%2Fv2%2Fcomments&post=16"}],"version-history":[{"count":11,"href":"https:\/\/www.dortmund-aikido.de\/index.php?rest_route=\/wp\/v2\/pages\/16\/revisions"}],"predecessor-version":[{"id":1147,"href":"https:\/\/www.dortmund-aikido.de\/index.php?rest_route=\/wp\/v2\/pages\/16\/revisions\/1147"}],"wp:attachment":[{"href":"https:\/\/www.dortmund-aikido.de\/index.php?rest_route=%2Fwp%2Fv2%2Fmedia&parent=16"}],"curies":[{"name":"wp","href":"https:\/\/api.w.org\/{rel}","templated":true}]}}